{"id":561,"date":"2026-01-23T10:03:08","date_gmt":"2026-01-23T10:03:08","guid":{"rendered":"https:\/\/jupiterx.artbees.net\/concert\/?page_id=561"},"modified":"2026-01-24T17:21:59","modified_gmt":"2026-01-24T17:21:59","slug":"cgu-mentions-legales","status":"publish","type":"page","link":"https:\/\/lidarmorrigan.com\/?page_id=561","title":{"rendered":"Conditions G\u00e9n\u00e9rales d\u2019Utilisation et mentions l\u00e9gales"},"content":{"rendered":"\t\t<div data-elementor-type=\"wp-page\" data-elementor-id=\"561\" class=\"elementor elementor-561\">\n\t\t\t\t<div class=\"elementor-element elementor-element-7ce3b42 e-flex e-con-boxed e-con e-parent\" data-id=\"7ce3b42\" data-element_type=\"container\" data-settings=\"{&quot;jet_parallax_layout_list&quot;:[]}\">\n\t\t\t\t\t<div class=\"e-con-inner\">\n\t\t\t\t<div class=\"elementor-element elementor-element-c3f059f elementor-mobile-align-center animated-slow elementor-align-left elementor-invisible elementor-widget elementor-widget-raven-heading\" data-id=\"c3f059f\" data-element_type=\"widget\" data-settings=\"{&quot;_animation&quot;:&quot;fadeIn&quot;,&quot;_animation_delay&quot;:250}\" data-widget_type=\"raven-heading.default\">\n\t\t\t\t<div class=\"elementor-widget-container\">\n\t\t\t\t\t\t\t<div class=\"raven-widget-wrapper\"><h2 class=\"raven-heading raven-heading-h2\"><span class=\"raven-heading-title \">Conditions G\u00e9n\u00e9rales d'Utilisation et Mentions L\u00e9gales<\/span><\/h2><\/div>\n\t\t\t\t\t\t<\/div>\n\t\t\t\t<\/div>\n\t\t\t\t\t<\/div>\n\t\t\t\t<\/div>\n\t\t<div class=\"elementor-element elementor-element-a15ee90 e-flex e-con-boxed e-con e-parent\" data-id=\"a15ee90\" data-element_type=\"container\" data-settings=\"{&quot;jet_parallax_layout_list&quot;:[]}\">\n\t\t\t\t\t<div class=\"e-con-inner\">\n\t\t\t\t<div class=\"elementor-element elementor-element-a5f291d animated-slow elementor-invisible elementor-widget elementor-widget-text-editor\" data-id=\"a5f291d\" data-element_type=\"widget\" data-settings=\"{&quot;_animation&quot;:&quot;fadeInUp&quot;,&quot;_animation_delay&quot;:750}\" data-widget_type=\"text-editor.default\">\n\t\t\t\t\t\t\t\t\t<p>Toute personne physique acc\u00e9dant au site internet \u00e0 l\u2019adresse URL http:\/\/lidarmorrigan.com\/ d\u00e9clare avoir pris au pr\u00e9alable connaissance des termes et conditions ci-dessous et les avoir accept\u00e9s int\u00e9gralement et sans r\u00e9serve.<\/p><p>1. INFORMATIONS L\u00c9GALES<br \/>1.1. Identit\u00e9 de l\u2019\u00e9diteur du site<br \/>Morrigan Production &#8211; Mr Godard S\u00e9bastien,<br \/>2 la Bretaudi\u00e8re,<br \/>44330 Vallet<br \/>Le directeur de la publication est S\u00e9bastien Godard<br \/>Le num\u00e9ro SIRET est 83496536000029<\/p><p>1.2. Identit\u00e9 du cr\u00e9ateur du Site<br \/>Johann Lamour<br \/>Directeur Artistique \u2013 Graphiste<br \/><a href=\"https:\/\/www.forjeo-studio.fr\/\">www.forjeo-studio.fr<\/a><\/p><p>1.3. Identit\u00e9 de la photographe du Site<br \/>Ga\u00ebl Herv\u00e9<br \/><a class=\"x1i10hfl xjbqb8w x1ejq31n x18oe1m7 x1sy0etr xstzfhl x972fbf x10w94by x1qhh985 x14e42zd x9f619 x1ypdohk xt0psk2 x3ct3a4 xdj266r x14z9mp xat24cr x1lziwak xexx8yu xyri2b x18d9i69 x1c1uobl x16tdsg8 x1hl2dhg xggy1nq x1a2a7pz xkrqix3 x1sur9pj x1fey0fg x1s688f\" tabindex=\"0\" role=\"link\" href=\"mailto:gael.herve.photo@gmail.com\" target=\"_blank\" rel=\"nofollow noopener noreferrer\">gael.herve.photo@gmail.com<\/a><\/p><p>1.4. Identit\u00e9 de l\u2019h\u00e9bergeur du Site<br \/>OVH SAS<br \/>2 rue Kellermann \u2013 59100 Roubaix \u2013 France<\/p><p><strong><b>2.Donn\u00e9es \u00e0 caract\u00e8re personnel :<\/b><\/strong><\/p><p><span style=\"font-weight: 400;\">Dans le cadre de l\u2019utilisation du site par les utilisateurs, la <\/span><span style=\"font-weight: 400;\">Morrigan Productions <\/span><span style=\"font-weight: 400;\">est amen\u00e9e \u00e0 collecter et traiter certaines donn\u00e9es \u00e0 caract\u00e8re personnel les concernant.\u00a0<\/span><\/p><p><span style=\"font-weight: 400;\">Pour en savoir plus, tout utilisateur est invit\u00e9 \u00e0 lire attentivement la Politique de Confidentialit\u00e9 du site relative aux donn\u00e9es \u00e0 caract\u00e8re personnel des utilisateurs collect\u00e9es pour les besoins des services.<\/span><\/p><p><span style=\"font-weight: 400;\">Conform\u00e9ment \u00e0 la r\u00e9glementation applicable \u00e0 la protection des donn\u00e9es \u00e0 caract\u00e8re personnel et en particulier le r\u00e8glement Europ\u00e9en 2016\/679 du 27 avril 2016, dit R\u00e8glement g\u00e9n\u00e9ral sur la protection des donn\u00e9es (le \u00ab RGPD \u00bb), les utilisateurs disposent d\u2019un droit d\u2019acc\u00e8s, de rectification, d\u2019effacement, et \u00e0 la portabilit\u00e9 des donn\u00e9es les concernant et peuvent \u00e9galement, pour des motifs l\u00e9gitimes, s\u2019opposer au traitement et, dans les cas pr\u00e9vus par la loi, demander la limitation du traitement de ces donn\u00e9es.\u00a0<\/span><\/p><p><span style=\"font-weight: 400;\">Pour exercer ces droits, la <\/span><span style=\"font-weight: 400;\">Morrigan Productions <\/span><span style=\"font-weight: 400;\">invite chaque utilisateur \u00e0 adresser un e-mail au <\/span><span style=\"font-weight: 400;\">(adresse mail du responsable de traitement ou DPO)\u00a0:<\/span><\/p><p><i><span style=\"font-weight: 400;\">Morrigan.prods@gmail.com<\/span><\/i><\/p><p><span style=\"font-weight: 400;\">Ou un courrier postal \u00e0 <\/span><span style=\"font-weight: 400;\">Mr Godard S\u00e9bastien, 2 la Bretaudi\u00e8re, 44330 Vallet<\/span><\/p><p><i><span style=\"font-weight: 400;\">Adresse postale du DPO ou Responsable de Traitement<\/span><\/i><\/p>\t\t\t\t\t\t\t\t<\/div>\n\t\t\t\t\t<\/div>\n\t\t\t\t<\/div>\n\t\t\t\t<\/div>\n\t\t","protected":false},"excerpt":{"rendered":"<p>Conditions G\u00e9n\u00e9rales d&rsquo;Utilisation et Mentions L\u00e9gales Toute personne physique acc\u00e9dant au site internet \u00e0 l\u2019adresse URL http:\/\/lidarmorrigan.com\/ d\u00e9clare avoir pris au pr\u00e9alable connaissance des termes et conditions ci-dessous et les avoir accept\u00e9s int\u00e9gralement et sans r\u00e9serve. 1. INFORMATIONS L\u00c9GALES1.1. Identit\u00e9 de l\u2019\u00e9diteur du siteMorrigan Production &#8211; Mr Godard S\u00e9bastien,2 la Bretaudi\u00e8re,44330 ValletLe directeur de la [&hellip;]<\/p>\n","protected":false},"author":2,"featured_media":0,"parent":0,"menu_order":0,"comment_status":"closed","ping_status":"closed","template":"","meta":{"_acf_changed":false,"footnotes":""},"class_list":["post-561","page","type-page","status-publish","hentry"],"acf":[],"yoast_head":"<!-- This site is optimized with the Yoast SEO plugin v26.8 - https:\/\/yoast.com\/product\/yoast-seo-wordpress\/ -->\n<title>Conditions G\u00e9n\u00e9rales d\u2019Utilisation et mentions l\u00e9gales - Lid ar morrigan<\/title>\n<meta name=\"robots\" content=\"index, follow, max-snippet:-1, max-image-preview:large, max-video-preview:-1\" \/>\n<link rel=\"canonical\" href=\"https:\/\/lidarmorrigan.com\/?page_id=561\" \/>\n<meta property=\"og:locale\" content=\"fr_FR\" \/>\n<meta property=\"og:type\" content=\"article\" \/>\n<meta property=\"og:title\" content=\"Conditions G\u00e9n\u00e9rales d\u2019Utilisation et mentions l\u00e9gales - Lid ar morrigan\" \/>\n<meta property=\"og:description\" content=\"Conditions G\u00e9n\u00e9rales d&rsquo;Utilisation et Mentions L\u00e9gales Toute personne physique acc\u00e9dant au site internet \u00e0 l\u2019adresse URL http:\/\/lidarmorrigan.com\/ d\u00e9clare avoir pris au pr\u00e9alable connaissance des termes et conditions ci-dessous et les avoir accept\u00e9s int\u00e9gralement et sans r\u00e9serve. 1. INFORMATIONS L\u00c9GALES1.1. Identit\u00e9 de l\u2019\u00e9diteur du siteMorrigan Production &#8211; Mr Godard S\u00e9bastien,2 la Bretaudi\u00e8re,44330 ValletLe directeur de la [&hellip;]\" \/>\n<meta property=\"og:url\" content=\"https:\/\/lidarmorrigan.com\/?page_id=561\" \/>\n<meta property=\"og:site_name\" content=\"Lid ar morrigan\" \/>\n<meta property=\"article:modified_time\" content=\"2026-01-24T17:21:59+00:00\" \/>\n<meta name=\"twitter:card\" content=\"summary_large_image\" \/>\n<meta name=\"twitter:label1\" content=\"Dur\u00e9e de lecture estim\u00e9e\" \/>\n\t<meta name=\"twitter:data1\" content=\"1 minute\" \/>\n<script type=\"application\/ld+json\" class=\"yoast-schema-graph\">{\"@context\":\"https:\/\/schema.org\",\"@graph\":[{\"@type\":\"WebPage\",\"@id\":\"https:\/\/lidarmorrigan.com\/?page_id=561\",\"url\":\"https:\/\/lidarmorrigan.com\/?page_id=561\",\"name\":\"Conditions G\u00e9n\u00e9rales d\u2019Utilisation et mentions l\u00e9gales - Lid ar morrigan\",\"isPartOf\":{\"@id\":\"https:\/\/lidarmorrigan.com\/#website\"},\"datePublished\":\"2026-01-23T10:03:08+00:00\",\"dateModified\":\"2026-01-24T17:21:59+00:00\",\"breadcrumb\":{\"@id\":\"https:\/\/lidarmorrigan.com\/?page_id=561#breadcrumb\"},\"inLanguage\":\"fr-FR\",\"potentialAction\":[{\"@type\":\"ReadAction\",\"target\":[\"https:\/\/lidarmorrigan.com\/?page_id=561\"]}]},{\"@type\":\"BreadcrumbList\",\"@id\":\"https:\/\/lidarmorrigan.com\/?page_id=561#breadcrumb\",\"itemListElement\":[{\"@type\":\"ListItem\",\"position\":1,\"name\":\"Accueil\",\"item\":\"https:\/\/lidarmorrigan.com\/\"},{\"@type\":\"ListItem\",\"position\":2,\"name\":\"Conditions G\u00e9n\u00e9rales d\u2019Utilisation et mentions l\u00e9gales\"}]},{\"@type\":\"WebSite\",\"@id\":\"https:\/\/lidarmorrigan.com\/#website\",\"url\":\"https:\/\/lidarmorrigan.com\/\",\"name\":\"Lid ar morrigan\",\"description\":\"\",\"potentialAction\":[{\"@type\":\"SearchAction\",\"target\":{\"@type\":\"EntryPoint\",\"urlTemplate\":\"https:\/\/lidarmorrigan.com\/?s={search_term_string}\"},\"query-input\":{\"@type\":\"PropertyValueSpecification\",\"valueRequired\":true,\"valueName\":\"search_term_string\"}}],\"inLanguage\":\"fr-FR\"}]}<\/script>\n<!-- \/ Yoast SEO plugin. -->","yoast_head_json":{"title":"Conditions G\u00e9n\u00e9rales d\u2019Utilisation et mentions l\u00e9gales - Lid ar morrigan","robots":{"index":"index","follow":"follow","max-snippet":"max-snippet:-1","max-image-preview":"max-image-preview:large","max-video-preview":"max-video-preview:-1"},"canonical":"https:\/\/lidarmorrigan.com\/?page_id=561","og_locale":"fr_FR","og_type":"article","og_title":"Conditions G\u00e9n\u00e9rales d\u2019Utilisation et mentions l\u00e9gales - Lid ar morrigan","og_description":"Conditions G\u00e9n\u00e9rales d&rsquo;Utilisation et Mentions L\u00e9gales Toute personne physique acc\u00e9dant au site internet \u00e0 l\u2019adresse URL http:\/\/lidarmorrigan.com\/ d\u00e9clare avoir pris au pr\u00e9alable connaissance des termes et conditions ci-dessous et les avoir accept\u00e9s int\u00e9gralement et sans r\u00e9serve. 1. INFORMATIONS L\u00c9GALES1.1. Identit\u00e9 de l\u2019\u00e9diteur du siteMorrigan Production &#8211; Mr Godard S\u00e9bastien,2 la Bretaudi\u00e8re,44330 ValletLe directeur de la [&hellip;]","og_url":"https:\/\/lidarmorrigan.com\/?page_id=561","og_site_name":"Lid ar morrigan","article_modified_time":"2026-01-24T17:21:59+00:00","twitter_card":"summary_large_image","twitter_misc":{"Dur\u00e9e de lecture estim\u00e9e":"1 minute"},"schema":{"@context":"https:\/\/schema.org","@graph":[{"@type":"WebPage","@id":"https:\/\/lidarmorrigan.com\/?page_id=561","url":"https:\/\/lidarmorrigan.com\/?page_id=561","name":"Conditions G\u00e9n\u00e9rales d\u2019Utilisation et mentions l\u00e9gales - Lid ar morrigan","isPartOf":{"@id":"https:\/\/lidarmorrigan.com\/#website"},"datePublished":"2026-01-23T10:03:08+00:00","dateModified":"2026-01-24T17:21:59+00:00","breadcrumb":{"@id":"https:\/\/lidarmorrigan.com\/?page_id=561#breadcrumb"},"inLanguage":"fr-FR","potentialAction":[{"@type":"ReadAction","target":["https:\/\/lidarmorrigan.com\/?page_id=561"]}]},{"@type":"BreadcrumbList","@id":"https:\/\/lidarmorrigan.com\/?page_id=561#breadcrumb","itemListElement":[{"@type":"ListItem","position":1,"name":"Accueil","item":"https:\/\/lidarmorrigan.com\/"},{"@type":"ListItem","position":2,"name":"Conditions G\u00e9n\u00e9rales d\u2019Utilisation et mentions l\u00e9gales"}]},{"@type":"WebSite","@id":"https:\/\/lidarmorrigan.com\/#website","url":"https:\/\/lidarmorrigan.com\/","name":"Lid ar morrigan","description":"","potentialAction":[{"@type":"SearchAction","target":{"@type":"EntryPoint","urlTemplate":"https:\/\/lidarmorrigan.com\/?s={search_term_string}"},"query-input":{"@type":"PropertyValueSpecification","valueRequired":true,"valueName":"search_term_string"}}],"inLanguage":"fr-FR"}]}},"_links":{"self":[{"href":"https:\/\/lidarmorrigan.com\/index.php?rest_route=\/wp\/v2\/pages\/561","targetHints":{"allow":["GET"]}}],"collection":[{"href":"https:\/\/lidarmorrigan.com\/index.php?rest_route=\/wp\/v2\/pages"}],"about":[{"href":"https:\/\/lidarmorrigan.com\/index.php?rest_route=\/wp\/v2\/types\/page"}],"author":[{"embeddable":true,"href":"https:\/\/lidarmorrigan.com\/index.php?rest_route=\/wp\/v2\/users\/2"}],"replies":[{"embeddable":true,"href":"https:\/\/lidarmorrigan.com\/index.php?rest_route=%2Fwp%2Fv2%2Fcomments&post=561"}],"version-history":[{"count":26,"href":"https:\/\/lidarmorrigan.com\/index.php?rest_route=\/wp\/v2\/pages\/561\/revisions"}],"predecessor-version":[{"id":1160,"href":"https:\/\/lidarmorrigan.com\/index.php?rest_route=\/wp\/v2\/pages\/561\/revisions\/1160"}],"wp:attachment":[{"href":"https:\/\/lidarmorrigan.com\/index.php?rest_route=%2Fwp%2Fv2%2Fmedia&parent=561"}],"curies":[{"name":"wp","href":"https:\/\/api.w.org\/{rel}","templated":true}]}}